{"id":28,"date":"2025-01-21T20:17:56","date_gmt":"2025-01-21T19:17:56","guid":{"rendered":"https:\/\/www.storkoksgaranten.se\/?page_id=28"},"modified":"2025-04-28T13:41:30","modified_gmt":"2025-04-28T11:41:30","slug":"reservdelar","status":"publish","type":"page","link":"https:\/\/www.storkoksgaranten.se\/?page_id=28","title":{"rendered":"Reservdelar"},"content":{"rendered":"\n<p>Vi lagerh\u00e5ller reservdelar \u00e5t RATIONAL och skickar dagligen kollin till servicefirmor \u00f6ver hela Sverige, det finns \u00e4ven m\u00f6jlighet att h\u00e4mta reservdelar p\u00e5 plats.<\/p>\n\n\n\n<p>Maila din order till&nbsp;<a href=\"mailto:order@rationalservicecenter.se\"><strong>order@rationalservicecenter.se<\/strong><\/a><\/p>\n\n\n\n<p>Vi \u00e4r tacksamma om ni har m\u00f6jlighet att fylla i v\u00e5r kundenk\u00e4t!<br><a href=\"https:\/\/eu.surveymonkey.com\/r\/MMB7XJD\">SurveyMonkey Powered Online Survey<\/a><\/p>\n\n\n\n<figure class=\"wp-block-image size-large\"><img loading=\"lazy\" decoding=\"async\" width=\"1024\" height=\"362\" src=\"https:\/\/www.storkoksgaranten.se\/wp-content\/uploads\/2025\/04\/Lineup_iCombi_Pro_front.psd_100659_image-webl-1024x362.jpg\" alt=\"\" class=\"wp-image-66\" srcset=\"https:\/\/www.storkoksgaranten.se\/wp-content\/uploads\/2025\/04\/Lineup_iCombi_Pro_front.psd_100659_image-webl-1024x362.jpg 1024w, https:\/\/www.storkoksgaranten.se\/wp-content\/uploads\/2025\/04\/Lineup_iCombi_Pro_front.psd_100659_image-webl-300x106.jpg 300w, https:\/\/www.storkoksgaranten.se\/wp-content\/uploads\/2025\/04\/Lineup_iCombi_Pro_front.psd_100659_image-webl-768x271.jpg 768w, https:\/\/www.storkoksgaranten.se\/wp-content\/uploads\/2025\/04\/Lineup_iCombi_Pro_front.psd_100659_image-webl.jpg 1200w\" sizes=\"auto, (max-width: 1024px) 100vw, 1024px\" \/><\/figure>\n\n\n\n<figure class=\"wp-block-image size-large\"><img loading=\"lazy\" decoding=\"async\" width=\"1024\" height=\"576\" src=\"https:\/\/www.storkoksgaranten.se\/wp-content\/uploads\/2025\/04\/Lineup_iVario_perspective.psd_229595_image-webl-1024x576.jpg\" alt=\"\" class=\"wp-image-67\" srcset=\"https:\/\/www.storkoksgaranten.se\/wp-content\/uploads\/2025\/04\/Lineup_iVario_perspective.psd_229595_image-webl-1024x576.jpg 1024w, https:\/\/www.storkoksgaranten.se\/wp-content\/uploads\/2025\/04\/Lineup_iVario_perspective.psd_229595_image-webl-300x169.jpg 300w, https:\/\/www.storkoksgaranten.se\/wp-content\/uploads\/2025\/04\/Lineup_iVario_perspective.psd_229595_image-webl-768x432.jpg 768w, https:\/\/www.storkoksgaranten.se\/wp-content\/uploads\/2025\/04\/Lineup_iVario_perspective.psd_229595_image-webl.jpg 1200w\" sizes=\"auto, (max-width: 1024px) 100vw, 1024px\" \/><\/figure>\n\n\n<div class=\"wp-block-image\">\n<figure class=\"aligncenter size-full\"><img loading=\"lazy\" decoding=\"async\" width=\"180\" height=\"94\" src=\"https:\/\/www.storkoksgaranten.se\/wp-content\/uploads\/2025\/04\/cropped-2.-Rational-e1738847807613-1.jpg\" alt=\"\" class=\"wp-image-77\"\/><\/figure><\/div>\n\n\n<p><\/p>\n","protected":false},"excerpt":{"rendered":"<p>Vi lagerh\u00e5ller reservdelar \u00e5t RATIONAL och skickar dagligen kollin till servicefirmor \u00f6ver hela Sverige, det finns \u00e4ven m\u00f6jlighet att h\u00e4mta reservdelar p\u00e5 plats. Maila din order till&nbsp;order@rationalservicecenter.se Vi \u00e4r tacksamma om ni har m\u00f6jlighet att fylla i v\u00e5r kundenk\u00e4t!SurveyMonkey Powered<\/p>\n","protected":false},"author":1,"featured_media":0,"parent":0,"menu_order":0,"comment_status":"closed","ping_status":"closed","template":"","meta":{"_monsterinsights_skip_tracking":false,"_monsterinsights_sitenote_active":false,"_monsterinsights_sitenote_note":"","_monsterinsights_sitenote_category":0,"footnotes":""},"class_list":["post-28","page","type-page","status-publish","hentry"],"yoast_head":"<!-- This site is optimized with the Yoast SEO plugin v24.9 - https:\/\/yoast.com\/wordpress\/plugins\/seo\/ -->\n<title>Reservdelar - Stork\u00f6ksgaranten AB<\/title>\n<meta name=\"robots\" content=\"index, follow, max-snippet:-1, max-image-preview:large, max-video-preview:-1\" \/>\n<link rel=\"canonical\" href=\"https:\/\/www.storkoksgaranten.se\/?page_id=28\" \/>\n<meta property=\"og:locale\" content=\"sv_SE\" \/>\n<meta property=\"og:type\" content=\"article\" \/>\n<meta property=\"og:title\" content=\"Reservdelar - Stork\u00f6ksgaranten AB\" \/>\n<meta property=\"og:description\" content=\"Vi lagerh\u00e5ller reservdelar \u00e5t RATIONAL och skickar dagligen kollin till servicefirmor \u00f6ver hela Sverige, det finns \u00e4ven m\u00f6jlighet att h\u00e4mta reservdelar p\u00e5 plats. Maila din order till&nbsp;order@rationalservicecenter.se Vi \u00e4r tacksamma om ni har m\u00f6jlighet att fylla i v\u00e5r kundenk\u00e4t!SurveyMonkey Powered\" \/>\n<meta property=\"og:url\" content=\"https:\/\/www.storkoksgaranten.se\/?page_id=28\" \/>\n<meta property=\"og:site_name\" content=\"Stork\u00f6ksgaranten AB\" \/>\n<meta property=\"article:modified_time\" content=\"2025-04-28T11:41:30+00:00\" \/>\n<meta property=\"og:image\" content=\"https:\/\/www.storkoksgaranten.se\/wp-content\/uploads\/2025\/04\/Lineup_iCombi_Pro_front.psd_100659_image-webl.jpg\" \/>\n\t<meta property=\"og:image:width\" content=\"1200\" \/>\n\t<meta property=\"og:image:height\" content=\"424\" \/>\n\t<meta property=\"og:image:type\" content=\"image\/jpeg\" \/>\n<meta name=\"twitter:card\" content=\"summary_large_image\" \/>\n<meta name=\"twitter:label1\" content=\"Ber\u00e4knad l\u00e4stid\" \/>\n\t<meta name=\"twitter:data1\" content=\"1 minut\" \/>\n<script type=\"application\/ld+json\" class=\"yoast-schema-graph\">{\"@context\":\"https:\/\/schema.org\",\"@graph\":[{\"@type\":\"WebPage\",\"@id\":\"https:\/\/www.storkoksgaranten.se\/?page_id=28\",\"url\":\"https:\/\/www.storkoksgaranten.se\/?page_id=28\",\"name\":\"Reservdelar - Stork\u00f6ksgaranten AB\",\"isPartOf\":{\"@id\":\"https:\/\/www.storkoksgaranten.se\/#website\"},\"primaryImageOfPage\":{\"@id\":\"https:\/\/www.storkoksgaranten.se\/?page_id=28#primaryimage\"},\"image\":{\"@id\":\"https:\/\/www.storkoksgaranten.se\/?page_id=28#primaryimage\"},\"thumbnailUrl\":\"https:\/\/www.storkoksgaranten.se\/wp-content\/uploads\/2025\/04\/Lineup_iCombi_Pro_front.psd_100659_image-webl-1024x362.jpg\",\"datePublished\":\"2025-01-21T19:17:56+00:00\",\"dateModified\":\"2025-04-28T11:41:30+00:00\",\"breadcrumb\":{\"@id\":\"https:\/\/www.storkoksgaranten.se\/?page_id=28#breadcrumb\"},\"inLanguage\":\"sv-SE\",\"potentialAction\":[{\"@type\":\"ReadAction\",\"target\":[\"https:\/\/www.storkoksgaranten.se\/?page_id=28\"]}]},{\"@type\":\"ImageObject\",\"inLanguage\":\"sv-SE\",\"@id\":\"https:\/\/www.storkoksgaranten.se\/?page_id=28#primaryimage\",\"url\":\"https:\/\/www.storkoksgaranten.se\/wp-content\/uploads\/2025\/04\/Lineup_iCombi_Pro_front.psd_100659_image-webl.jpg\",\"contentUrl\":\"https:\/\/www.storkoksgaranten.se\/wp-content\/uploads\/2025\/04\/Lineup_iCombi_Pro_front.psd_100659_image-webl.jpg\",\"width\":1200,\"height\":424},{\"@type\":\"BreadcrumbList\",\"@id\":\"https:\/\/www.storkoksgaranten.se\/?page_id=28#breadcrumb\",\"itemListElement\":[{\"@type\":\"ListItem\",\"position\":1,\"name\":\"Home\",\"item\":\"https:\/\/www.storkoksgaranten.se\/\"},{\"@type\":\"ListItem\",\"position\":2,\"name\":\"Reservdelar\"}]},{\"@type\":\"WebSite\",\"@id\":\"https:\/\/www.storkoksgaranten.se\/#website\",\"url\":\"https:\/\/www.storkoksgaranten.se\/\",\"name\":\"Stork\u00f6ksgaranten AB\",\"description\":\"\",\"publisher\":{\"@id\":\"https:\/\/www.storkoksgaranten.se\/#organization\"},\"potentialAction\":[{\"@type\":\"SearchAction\",\"target\":{\"@type\":\"EntryPoint\",\"urlTemplate\":\"https:\/\/www.storkoksgaranten.se\/?s={search_term_string}\"},\"query-input\":{\"@type\":\"PropertyValueSpecification\",\"valueRequired\":true,\"valueName\":\"search_term_string\"}}],\"inLanguage\":\"sv-SE\"},{\"@type\":\"Organization\",\"@id\":\"https:\/\/www.storkoksgaranten.se\/#organization\",\"name\":\"Stork\u00f6ksgaranten AB\",\"url\":\"https:\/\/www.storkoksgaranten.se\/\",\"logo\":{\"@type\":\"ImageObject\",\"inLanguage\":\"sv-SE\",\"@id\":\"https:\/\/www.storkoksgaranten.se\/#\/schema\/logo\/image\/\",\"url\":\"https:\/\/www.storkoksgaranten.se\/wp-content\/uploads\/2025\/02\/cropped-2.-Rational-e1738847807613.jpg\",\"contentUrl\":\"https:\/\/www.storkoksgaranten.se\/wp-content\/uploads\/2025\/02\/cropped-2.-Rational-e1738847807613.jpg\",\"width\":180,\"height\":94,\"caption\":\"Stork\u00f6ksgaranten AB\"},\"image\":{\"@id\":\"https:\/\/www.storkoksgaranten.se\/#\/schema\/logo\/image\/\"}}]}<\/script>\n<!-- \/ Yoast SEO plugin. -->","yoast_head_json":{"title":"Reservdelar - Stork\u00f6ksgaranten AB","robots":{"index":"index","follow":"follow","max-snippet":"max-snippet:-1","max-image-preview":"max-image-preview:large","max-video-preview":"max-video-preview:-1"},"canonical":"https:\/\/www.storkoksgaranten.se\/?page_id=28","og_locale":"sv_SE","og_type":"article","og_title":"Reservdelar - Stork\u00f6ksgaranten AB","og_description":"Vi lagerh\u00e5ller reservdelar \u00e5t RATIONAL och skickar dagligen kollin till servicefirmor \u00f6ver hela Sverige, det finns \u00e4ven m\u00f6jlighet att h\u00e4mta reservdelar p\u00e5 plats. Maila din order till&nbsp;order@rationalservicecenter.se Vi \u00e4r tacksamma om ni har m\u00f6jlighet att fylla i v\u00e5r kundenk\u00e4t!SurveyMonkey Powered","og_url":"https:\/\/www.storkoksgaranten.se\/?page_id=28","og_site_name":"Stork\u00f6ksgaranten AB","article_modified_time":"2025-04-28T11:41:30+00:00","og_image":[{"width":1200,"height":424,"url":"https:\/\/www.storkoksgaranten.se\/wp-content\/uploads\/2025\/04\/Lineup_iCombi_Pro_front.psd_100659_image-webl.jpg","type":"image\/jpeg"}],"twitter_card":"summary_large_image","twitter_misc":{"Ber\u00e4knad l\u00e4stid":"1 minut"},"schema":{"@context":"https:\/\/schema.org","@graph":[{"@type":"WebPage","@id":"https:\/\/www.storkoksgaranten.se\/?page_id=28","url":"https:\/\/www.storkoksgaranten.se\/?page_id=28","name":"Reservdelar - Stork\u00f6ksgaranten AB","isPartOf":{"@id":"https:\/\/www.storkoksgaranten.se\/#website"},"primaryImageOfPage":{"@id":"https:\/\/www.storkoksgaranten.se\/?page_id=28#primaryimage"},"image":{"@id":"https:\/\/www.storkoksgaranten.se\/?page_id=28#primaryimage"},"thumbnailUrl":"https:\/\/www.storkoksgaranten.se\/wp-content\/uploads\/2025\/04\/Lineup_iCombi_Pro_front.psd_100659_image-webl-1024x362.jpg","datePublished":"2025-01-21T19:17:56+00:00","dateModified":"2025-04-28T11:41:30+00:00","breadcrumb":{"@id":"https:\/\/www.storkoksgaranten.se\/?page_id=28#breadcrumb"},"inLanguage":"sv-SE","potentialAction":[{"@type":"ReadAction","target":["https:\/\/www.storkoksgaranten.se\/?page_id=28"]}]},{"@type":"ImageObject","inLanguage":"sv-SE","@id":"https:\/\/www.storkoksgaranten.se\/?page_id=28#primaryimage","url":"https:\/\/www.storkoksgaranten.se\/wp-content\/uploads\/2025\/04\/Lineup_iCombi_Pro_front.psd_100659_image-webl.jpg","contentUrl":"https:\/\/www.storkoksgaranten.se\/wp-content\/uploads\/2025\/04\/Lineup_iCombi_Pro_front.psd_100659_image-webl.jpg","width":1200,"height":424},{"@type":"BreadcrumbList","@id":"https:\/\/www.storkoksgaranten.se\/?page_id=28#breadcrumb","itemListElement":[{"@type":"ListItem","position":1,"name":"Home","item":"https:\/\/www.storkoksgaranten.se\/"},{"@type":"ListItem","position":2,"name":"Reservdelar"}]},{"@type":"WebSite","@id":"https:\/\/www.storkoksgaranten.se\/#website","url":"https:\/\/www.storkoksgaranten.se\/","name":"Stork\u00f6ksgaranten AB","description":"","publisher":{"@id":"https:\/\/www.storkoksgaranten.se\/#organization"},"potentialAction":[{"@type":"SearchAction","target":{"@type":"EntryPoint","urlTemplate":"https:\/\/www.storkoksgaranten.se\/?s={search_term_string}"},"query-input":{"@type":"PropertyValueSpecification","valueRequired":true,"valueName":"search_term_string"}}],"inLanguage":"sv-SE"},{"@type":"Organization","@id":"https:\/\/www.storkoksgaranten.se\/#organization","name":"Stork\u00f6ksgaranten AB","url":"https:\/\/www.storkoksgaranten.se\/","logo":{"@type":"ImageObject","inLanguage":"sv-SE","@id":"https:\/\/www.storkoksgaranten.se\/#\/schema\/logo\/image\/","url":"https:\/\/www.storkoksgaranten.se\/wp-content\/uploads\/2025\/02\/cropped-2.-Rational-e1738847807613.jpg","contentUrl":"https:\/\/www.storkoksgaranten.se\/wp-content\/uploads\/2025\/02\/cropped-2.-Rational-e1738847807613.jpg","width":180,"height":94,"caption":"Stork\u00f6ksgaranten AB"},"image":{"@id":"https:\/\/www.storkoksgaranten.se\/#\/schema\/logo\/image\/"}}]}},"_links":{"self":[{"href":"https:\/\/www.storkoksgaranten.se\/index.php?rest_route=\/wp\/v2\/pages\/28","targetHints":{"allow":["GET"]}}],"collection":[{"href":"https:\/\/www.storkoksgaranten.se\/index.php?rest_route=\/wp\/v2\/pages"}],"about":[{"href":"https:\/\/www.storkoksgaranten.se\/index.php?rest_route=\/wp\/v2\/types\/page"}],"author":[{"embeddable":true,"href":"https:\/\/www.storkoksgaranten.se\/index.php?rest_route=\/wp\/v2\/users\/1"}],"replies":[{"embeddable":true,"href":"https:\/\/www.storkoksgaranten.se\/index.php?rest_route=%2Fwp%2Fv2%2Fcomments&post=28"}],"version-history":[{"count":6,"href":"https:\/\/www.storkoksgaranten.se\/index.php?rest_route=\/wp\/v2\/pages\/28\/revisions"}],"predecessor-version":[{"id":78,"href":"https:\/\/www.storkoksgaranten.se\/index.php?rest_route=\/wp\/v2\/pages\/28\/revisions\/78"}],"wp:attachment":[{"href":"https:\/\/www.storkoksgaranten.se\/index.php?rest_route=%2Fwp%2Fv2%2Fmedia&parent=28"}],"curies":[{"name":"wp","href":"https:\/\/api.w.org\/{rel}","templated":true}]}}