{"id":2,"date":"2024-10-31T15:35:41","date_gmt":"2024-10-31T14:35:41","guid":{"rendered":"https:\/\/www.storkoksgaranten.se\/?page_id=2"},"modified":"2025-04-28T14:43:44","modified_gmt":"2025-04-28T12:43:44","slug":"om-oss","status":"publish","type":"page","link":"https:\/\/www.storkoksgaranten.se\/","title":{"rendered":"Om oss"},"content":{"rendered":"\n<p>Stork\u00f6ksgaranten har sedan 2001 haft ansvaret \u00e5t RATIONAL Scandinavia att tillhandah\u00e5lla reservdelar, teknisk support och tekniska utbildningar. Genom \u00e5ren har samarbetet utvecklats och numer \u00e4r vi RATIONAL Servicecenter.<\/p>\n\n\n\n<p>Stork\u00f6ksgaranten har fyra tekniker och en administrat\u00f6r anst\u00e4llda dessa driver tillsammans med RATIONALS Service manager RATIONAL servicecenter.<\/p>\n\n\n\n<p>Vi \u00e4r tacksamma om ni har m\u00f6jlighet att fylla i v\u00e5r kundenk\u00e4t!<br><a href=\"https:\/\/eu.surveymonkey.com\/r\/MMB7XJD\">SurveyMonkey Powered Online Survey<\/a><\/p>\n\n\n\n<blockquote class=\"wp-block-quote is-layout-flow wp-block-quote-is-layout-flow\">\n<p>Ni n\u00e5r oss p\u00e5 telefonnummer +46 (0)31 338 37 70. Ni kan \u00e4ven maila oss p\u00e5 info@rationalservicecenter.se<a href=\"mailto:info@rationalservicecenter.se\"><strong>info@rationalservicecenter.se<\/strong><\/a><\/p>\n<\/blockquote>\n\n\n\n<p><strong>Rational servicecenter<\/strong><br>\u00c5v\u00e4gen 3a<br>435 44 M\u00f6lnlycke<br>Sweden<\/p>\n\n\n\n<p>Tel: +46 (0)31 338 37 70<br>Fax: +46 (0)31 338 37 71<\/p>\n\n\n\n<p><\/p>\n\n\n<div class=\"wp-block-image\">\n<figure class=\"aligncenter size-full\"><img loading=\"lazy\" decoding=\"async\" width=\"180\" height=\"94\" src=\"https:\/\/www.storkoksgaranten.se\/wp-content\/uploads\/2025\/02\/2.-Rational-e1738847807613.jpg\" alt=\"\" class=\"wp-image-47\"\/><\/figure><\/div>\n\n\n<div class=\"wp-block-group\"><div class=\"wp-block-group__inner-container is-layout-constrained wp-block-group-is-layout-constrained\">\n<figure class=\"wp-block-gallery has-nested-images columns-default is-cropped wp-block-gallery-1 is-layout-flex wp-block-gallery-is-layout-flex\">\n<figure class=\"wp-block-image size-large\"><img loading=\"lazy\" decoding=\"async\" width=\"1024\" height=\"362\" data-id=\"83\" src=\"https:\/\/www.storkoksgaranten.se\/wp-content\/uploads\/2025\/04\/Lineup_iCombi_Pro_front.psd_100659_image-webl-2-1024x362.jpg\" alt=\"\" class=\"wp-image-83\" srcset=\"https:\/\/www.storkoksgaranten.se\/wp-content\/uploads\/2025\/04\/Lineup_iCombi_Pro_front.psd_100659_image-webl-2-1024x362.jpg 1024w, https:\/\/www.storkoksgaranten.se\/wp-content\/uploads\/2025\/04\/Lineup_iCombi_Pro_front.psd_100659_image-webl-2-300x106.jpg 300w, https:\/\/www.storkoksgaranten.se\/wp-content\/uploads\/2025\/04\/Lineup_iCombi_Pro_front.psd_100659_image-webl-2-768x271.jpg 768w, https:\/\/www.storkoksgaranten.se\/wp-content\/uploads\/2025\/04\/Lineup_iCombi_Pro_front.psd_100659_image-webl-2.jpg 1200w\" sizes=\"auto, (max-width: 1024px) 100vw, 1024px\" \/><\/figure>\n\n\n\n<figure class=\"wp-block-image size-large\"><img loading=\"lazy\" decoding=\"async\" width=\"1024\" height=\"576\" data-id=\"81\" src=\"https:\/\/www.storkoksgaranten.se\/wp-content\/uploads\/2025\/04\/Lineup_iVario_perspective.psd_229595_image-webl-2-1024x576.jpg\" alt=\"\" class=\"wp-image-81\" srcset=\"https:\/\/www.storkoksgaranten.se\/wp-content\/uploads\/2025\/04\/Lineup_iVario_perspective.psd_229595_image-webl-2-1024x576.jpg 1024w, https:\/\/www.storkoksgaranten.se\/wp-content\/uploads\/2025\/04\/Lineup_iVario_perspective.psd_229595_image-webl-2-300x169.jpg 300w, https:\/\/www.storkoksgaranten.se\/wp-content\/uploads\/2025\/04\/Lineup_iVario_perspective.psd_229595_image-webl-2-768x432.jpg 768w, https:\/\/www.storkoksgaranten.se\/wp-content\/uploads\/2025\/04\/Lineup_iVario_perspective.psd_229595_image-webl-2.jpg 1200w\" sizes=\"auto, (max-width: 1024px) 100vw, 1024px\" \/><\/figure>\n\n\n\n<figure class=\"wp-block-image size-large\"><img loading=\"lazy\" decoding=\"async\" width=\"1024\" height=\"576\" data-id=\"84\" src=\"https:\/\/www.storkoksgaranten.se\/wp-content\/uploads\/2025\/04\/56.01.912_56.01.914_AutoDose_3_1_Cartridges_Cleaner_Care_mixed_unit_Persp.psd_725148_image-webl-1024x576.jpg\" alt=\"\" class=\"wp-image-84\" srcset=\"https:\/\/www.storkoksgaranten.se\/wp-content\/uploads\/2025\/04\/56.01.912_56.01.914_AutoDose_3_1_Cartridges_Cleaner_Care_mixed_unit_Persp.psd_725148_image-webl-1024x576.jpg 1024w, https:\/\/www.storkoksgaranten.se\/wp-content\/uploads\/2025\/04\/56.01.912_56.01.914_AutoDose_3_1_Cartridges_Cleaner_Care_mixed_unit_Persp.psd_725148_image-webl-300x169.jpg 300w, https:\/\/www.storkoksgaranten.se\/wp-content\/uploads\/2025\/04\/56.01.912_56.01.914_AutoDose_3_1_Cartridges_Cleaner_Care_mixed_unit_Persp.psd_725148_image-webl-768x432.jpg 768w, https:\/\/www.storkoksgaranten.se\/wp-content\/uploads\/2025\/04\/56.01.912_56.01.914_AutoDose_3_1_Cartridges_Cleaner_Care_mixed_unit_Persp.psd_725148_image-webl.jpg 1200w\" sizes=\"auto, (max-width: 1024px) 100vw, 1024px\" \/><\/figure>\n<\/figure>\n<\/div><\/div>\n\n\n\n<p><\/p>\n","protected":false},"excerpt":{"rendered":"<p>Stork\u00f6ksgaranten har sedan 2001 haft ansvaret \u00e5t RATIONAL Scandinavia att tillhandah\u00e5lla reservdelar, teknisk support och tekniska utbildningar. Genom \u00e5ren har samarbetet utvecklats och numer \u00e4r vi RATIONAL Servicecenter. Stork\u00f6ksgaranten har fyra tekniker och en administrat\u00f6r anst\u00e4llda dessa driver tillsammans med<\/p>\n","protected":false},"author":1,"featured_media":0,"parent":0,"menu_order":0,"comment_status":"closed","ping_status":"open","template":"","meta":{"_monsterinsights_skip_tracking":false,"_monsterinsights_sitenote_active":false,"_monsterinsights_sitenote_note":"","_monsterinsights_sitenote_category":0,"footnotes":""},"class_list":["post-2","page","type-page","status-publish","hentry"],"yoast_head":"<!-- This site is optimized with the Yoast SEO plugin v24.9 - https:\/\/yoast.com\/wordpress\/plugins\/seo\/ -->\n<title>Om oss - Stork\u00f6ksgaranten AB<\/title>\n<meta name=\"description\" content=\"tillhandah\u00e5ller reservdelar, teknisk support och tekniska utbildningar f\u00f6r stork\u00f6ksmasiner\" \/>\n<meta name=\"robots\" content=\"index, follow, max-snippet:-1, max-image-preview:large, max-video-preview:-1\" \/>\n<link rel=\"canonical\" href=\"https:\/\/www.storkoksgaranten.se\/\" \/>\n<meta property=\"og:locale\" content=\"sv_SE\" \/>\n<meta property=\"og:type\" content=\"article\" \/>\n<meta property=\"og:title\" content=\"Om oss - Stork\u00f6ksgaranten AB\" \/>\n<meta property=\"og:description\" content=\"tillhandah\u00e5ller reservdelar, teknisk support och tekniska utbildningar f\u00f6r stork\u00f6ksmasiner\" \/>\n<meta property=\"og:url\" content=\"https:\/\/www.storkoksgaranten.se\/\" \/>\n<meta property=\"og:site_name\" content=\"Stork\u00f6ksgaranten AB\" \/>\n<meta property=\"article:modified_time\" content=\"2025-04-28T12:43:44+00:00\" \/>\n<meta property=\"og:image\" content=\"https:\/\/www.storkoksgaranten.se\/wp-content\/uploads\/2025\/02\/2.-Rational-e1738847807613.jpg\" \/>\n\t<meta property=\"og:image:width\" content=\"180\" \/>\n\t<meta property=\"og:image:height\" content=\"94\" \/>\n\t<meta property=\"og:image:type\" content=\"image\/jpeg\" \/>\n<meta name=\"twitter:card\" content=\"summary_large_image\" \/>\n<meta name=\"twitter:label1\" content=\"Ber\u00e4knad l\u00e4stid\" \/>\n\t<meta name=\"twitter:data1\" content=\"2 minuter\" \/>\n<script type=\"application\/ld+json\" class=\"yoast-schema-graph\">{\"@context\":\"https:\/\/schema.org\",\"@graph\":[{\"@type\":\"WebPage\",\"@id\":\"https:\/\/www.storkoksgaranten.se\/\",\"url\":\"https:\/\/www.storkoksgaranten.se\/\",\"name\":\"Om oss - Stork\u00f6ksgaranten AB\",\"isPartOf\":{\"@id\":\"https:\/\/www.storkoksgaranten.se\/#website\"},\"primaryImageOfPage\":{\"@id\":\"https:\/\/www.storkoksgaranten.se\/#primaryimage\"},\"image\":{\"@id\":\"https:\/\/www.storkoksgaranten.se\/#primaryimage\"},\"thumbnailUrl\":\"https:\/\/www.storkoksgaranten.se\/wp-content\/uploads\/2025\/02\/2.-Rational-e1738847807613.jpg\",\"datePublished\":\"2024-10-31T14:35:41+00:00\",\"dateModified\":\"2025-04-28T12:43:44+00:00\",\"description\":\"tillhandah\u00e5ller reservdelar, teknisk support och tekniska utbildningar f\u00f6r stork\u00f6ksmasiner\",\"breadcrumb\":{\"@id\":\"https:\/\/www.storkoksgaranten.se\/#breadcrumb\"},\"inLanguage\":\"sv-SE\",\"potentialAction\":[{\"@type\":\"ReadAction\",\"target\":[\"https:\/\/www.storkoksgaranten.se\/\"]}]},{\"@type\":\"ImageObject\",\"inLanguage\":\"sv-SE\",\"@id\":\"https:\/\/www.storkoksgaranten.se\/#primaryimage\",\"url\":\"https:\/\/www.storkoksgaranten.se\/wp-content\/uploads\/2025\/02\/2.-Rational-e1738847807613.jpg\",\"contentUrl\":\"https:\/\/www.storkoksgaranten.se\/wp-content\/uploads\/2025\/02\/2.-Rational-e1738847807613.jpg\",\"width\":180,\"height\":94},{\"@type\":\"BreadcrumbList\",\"@id\":\"https:\/\/www.storkoksgaranten.se\/#breadcrumb\",\"itemListElement\":[{\"@type\":\"ListItem\",\"position\":1,\"name\":\"Home\",\"item\":\"https:\/\/www.storkoksgaranten.se\/\"},{\"@type\":\"ListItem\",\"position\":2,\"name\":\"Om oss\"}]},{\"@type\":\"WebSite\",\"@id\":\"https:\/\/www.storkoksgaranten.se\/#website\",\"url\":\"https:\/\/www.storkoksgaranten.se\/\",\"name\":\"Stork\u00f6ksgaranten AB\",\"description\":\"\",\"publisher\":{\"@id\":\"https:\/\/www.storkoksgaranten.se\/#organization\"},\"potentialAction\":[{\"@type\":\"SearchAction\",\"target\":{\"@type\":\"EntryPoint\",\"urlTemplate\":\"https:\/\/www.storkoksgaranten.se\/?s={search_term_string}\"},\"query-input\":{\"@type\":\"PropertyValueSpecification\",\"valueRequired\":true,\"valueName\":\"search_term_string\"}}],\"inLanguage\":\"sv-SE\"},{\"@type\":\"Organization\",\"@id\":\"https:\/\/www.storkoksgaranten.se\/#organization\",\"name\":\"Stork\u00f6ksgaranten AB\",\"url\":\"https:\/\/www.storkoksgaranten.se\/\",\"logo\":{\"@type\":\"ImageObject\",\"inLanguage\":\"sv-SE\",\"@id\":\"https:\/\/www.storkoksgaranten.se\/#\/schema\/logo\/image\/\",\"url\":\"https:\/\/www.storkoksgaranten.se\/wp-content\/uploads\/2025\/02\/cropped-2.-Rational-e1738847807613.jpg\",\"contentUrl\":\"https:\/\/www.storkoksgaranten.se\/wp-content\/uploads\/2025\/02\/cropped-2.-Rational-e1738847807613.jpg\",\"width\":180,\"height\":94,\"caption\":\"Stork\u00f6ksgaranten AB\"},\"image\":{\"@id\":\"https:\/\/www.storkoksgaranten.se\/#\/schema\/logo\/image\/\"}}]}<\/script>\n<!-- \/ Yoast SEO plugin. -->","yoast_head_json":{"title":"Om oss - Stork\u00f6ksgaranten AB","description":"tillhandah\u00e5ller reservdelar, teknisk support och tekniska utbildningar f\u00f6r stork\u00f6ksmasiner","robots":{"index":"index","follow":"follow","max-snippet":"max-snippet:-1","max-image-preview":"max-image-preview:large","max-video-preview":"max-video-preview:-1"},"canonical":"https:\/\/www.storkoksgaranten.se\/","og_locale":"sv_SE","og_type":"article","og_title":"Om oss - Stork\u00f6ksgaranten AB","og_description":"tillhandah\u00e5ller reservdelar, teknisk support och tekniska utbildningar f\u00f6r stork\u00f6ksmasiner","og_url":"https:\/\/www.storkoksgaranten.se\/","og_site_name":"Stork\u00f6ksgaranten AB","article_modified_time":"2025-04-28T12:43:44+00:00","og_image":[{"width":180,"height":94,"url":"https:\/\/www.storkoksgaranten.se\/wp-content\/uploads\/2025\/02\/2.-Rational-e1738847807613.jpg","type":"image\/jpeg"}],"twitter_card":"summary_large_image","twitter_misc":{"Ber\u00e4knad l\u00e4stid":"2 minuter"},"schema":{"@context":"https:\/\/schema.org","@graph":[{"@type":"WebPage","@id":"https:\/\/www.storkoksgaranten.se\/","url":"https:\/\/www.storkoksgaranten.se\/","name":"Om oss - Stork\u00f6ksgaranten AB","isPartOf":{"@id":"https:\/\/www.storkoksgaranten.se\/#website"},"primaryImageOfPage":{"@id":"https:\/\/www.storkoksgaranten.se\/#primaryimage"},"image":{"@id":"https:\/\/www.storkoksgaranten.se\/#primaryimage"},"thumbnailUrl":"https:\/\/www.storkoksgaranten.se\/wp-content\/uploads\/2025\/02\/2.-Rational-e1738847807613.jpg","datePublished":"2024-10-31T14:35:41+00:00","dateModified":"2025-04-28T12:43:44+00:00","description":"tillhandah\u00e5ller reservdelar, teknisk support och tekniska utbildningar f\u00f6r stork\u00f6ksmasiner","breadcrumb":{"@id":"https:\/\/www.storkoksgaranten.se\/#breadcrumb"},"inLanguage":"sv-SE","potentialAction":[{"@type":"ReadAction","target":["https:\/\/www.storkoksgaranten.se\/"]}]},{"@type":"ImageObject","inLanguage":"sv-SE","@id":"https:\/\/www.storkoksgaranten.se\/#primaryimage","url":"https:\/\/www.storkoksgaranten.se\/wp-content\/uploads\/2025\/02\/2.-Rational-e1738847807613.jpg","contentUrl":"https:\/\/www.storkoksgaranten.se\/wp-content\/uploads\/2025\/02\/2.-Rational-e1738847807613.jpg","width":180,"height":94},{"@type":"BreadcrumbList","@id":"https:\/\/www.storkoksgaranten.se\/#breadcrumb","itemListElement":[{"@type":"ListItem","position":1,"name":"Home","item":"https:\/\/www.storkoksgaranten.se\/"},{"@type":"ListItem","position":2,"name":"Om oss"}]},{"@type":"WebSite","@id":"https:\/\/www.storkoksgaranten.se\/#website","url":"https:\/\/www.storkoksgaranten.se\/","name":"Stork\u00f6ksgaranten AB","description":"","publisher":{"@id":"https:\/\/www.storkoksgaranten.se\/#organization"},"potentialAction":[{"@type":"SearchAction","target":{"@type":"EntryPoint","urlTemplate":"https:\/\/www.storkoksgaranten.se\/?s={search_term_string}"},"query-input":{"@type":"PropertyValueSpecification","valueRequired":true,"valueName":"search_term_string"}}],"inLanguage":"sv-SE"},{"@type":"Organization","@id":"https:\/\/www.storkoksgaranten.se\/#organization","name":"Stork\u00f6ksgaranten AB","url":"https:\/\/www.storkoksgaranten.se\/","logo":{"@type":"ImageObject","inLanguage":"sv-SE","@id":"https:\/\/www.storkoksgaranten.se\/#\/schema\/logo\/image\/","url":"https:\/\/www.storkoksgaranten.se\/wp-content\/uploads\/2025\/02\/cropped-2.-Rational-e1738847807613.jpg","contentUrl":"https:\/\/www.storkoksgaranten.se\/wp-content\/uploads\/2025\/02\/cropped-2.-Rational-e1738847807613.jpg","width":180,"height":94,"caption":"Stork\u00f6ksgaranten AB"},"image":{"@id":"https:\/\/www.storkoksgaranten.se\/#\/schema\/logo\/image\/"}}]}},"_links":{"self":[{"href":"https:\/\/www.storkoksgaranten.se\/index.php?rest_route=\/wp\/v2\/pages\/2","targetHints":{"allow":["GET"]}}],"collection":[{"href":"https:\/\/www.storkoksgaranten.se\/index.php?rest_route=\/wp\/v2\/pages"}],"about":[{"href":"https:\/\/www.storkoksgaranten.se\/index.php?rest_route=\/wp\/v2\/types\/page"}],"author":[{"embeddable":true,"href":"https:\/\/www.storkoksgaranten.se\/index.php?rest_route=\/wp\/v2\/users\/1"}],"replies":[{"embeddable":true,"href":"https:\/\/www.storkoksgaranten.se\/index.php?rest_route=%2Fwp%2Fv2%2Fcomments&post=2"}],"version-history":[{"count":6,"href":"https:\/\/www.storkoksgaranten.se\/index.php?rest_route=\/wp\/v2\/pages\/2\/revisions"}],"predecessor-version":[{"id":86,"href":"https:\/\/www.storkoksgaranten.se\/index.php?rest_route=\/wp\/v2\/pages\/2\/revisions\/86"}],"wp:attachment":[{"href":"https:\/\/www.storkoksgaranten.se\/index.php?rest_route=%2Fwp%2Fv2%2Fmedia&parent=2"}],"curies":[{"name":"wp","href":"https:\/\/api.w.org\/{rel}","templated":true}]}}